{"id":2977,"date":"2022-02-22T19:31:39","date_gmt":"2022-02-22T19:31:39","guid":{"rendered":"https:\/\/anlix.io\/?page_id=2977"},"modified":"2024-02-07T21:06:52","modified_gmt":"2024-02-07T21:06:52","slug":"o-que-vem-por-ai","status":"publish","type":"page","link":"https:\/\/anlix.io\/en\/o-que-vem-por-ai\/","title":{"rendered":"What&#039;s next"},"content":{"rendered":"<p><div class=\"fusion-fullwidth fullwidth-box fusion-builder-row-1 hundred-percent-fullwidth non-hundred-percent-height-scrolling\" style=\"background-color: #ffffff;background-position: center center;background-repeat: no-repeat;padding-top:0px;padding-right:20px;padding-bottom:0px;padding-left:20px;margin-bottom: 0px;margin-top: 0px;border-width: 0px 0px 0px 0px;border-color:#eae9e9;border-style:solid;\" ><div class=\"fusion-builder-row fusion-row\"><div class=\"fusion-layout-column fusion_builder_column fusion-builder-column-0 fusion_builder_column_1_1 1_1 fusion-one-full fusion-column-first fusion-column-last\" style=\"margin-top:25px;margin-bottom:25px;\"><div class=\"fusion-column-wrapper fusion-flex-column-wrapper-legacy\" style=\"background-position:left top;background-repeat:no-repeat;-webkit-background-size:cover;-moz-background-size:cover;-o-background-size:cover;background-size:cover;padding: 0px 0px 0px 0px;\"><style type=\"text\/css\"><\/style><div class=\"fusion-title title fusion-title-1 fusion-sep-none fusion-title-center fusion-title-text fusion-title-size-one\" style=\"margin-top:20px;margin-right:0px;margin-bottom:20px;margin-left:0px;\"><h1 class=\"title-heading-center fusion-responsive-typography-calculated\" style=\"margin:0;--fontSize:60;line-height:1.25;\"><h1><span style=\"color: #474a51;\">Our Innovation Roadmap<\/span><\/h1><\/h1><\/div><div class=\"fusion-text fusion-text-1\"><h2 style=\"color: rgb(28, 119, 97); text-align: center; font-size: 40px; line-height: 1.15; letter-spacing: 0px; --fontSize:40;\" data-fusion-font=\"true\" data-fontsize=\"40\" data-lineheight=\"46px\" class=\"fusion-responsive-typography-calculated\">Find out more about our upcoming releases<\/h2>\n<\/div><div class=\"fusion-clearfix\"><\/div><\/div><\/div><\/div><\/div><div class=\"fusion-fullwidth fullwidth-box fusion-builder-row-2 nonhundred-percent-fullwidth non-hundred-percent-height-scrolling\" style=\"background-color: #ffffff;background-position: center center;background-repeat: no-repeat;padding-top:0px;padding-right:0px;padding-bottom:0%;padding-left:0px;margin-bottom: 0px;margin-top: 0px;border-width: 0px 0px 0px 0px;border-color:#eae9e9;border-style:solid;\" ><div class=\"fusion-builder-row fusion-row\"><div class=\"fusion-layout-column fusion_builder_column fusion-builder-column-1 fusion_builder_column_1_2 1_2 fusion-one-half fusion-column-first fusion-animated\" style=\"width:50%;width:calc(50% - ( ( 0 ) * 0.5 ) );margin-right: 0px;margin-top:0px;margin-bottom:0px;\" data-animationtype=\"fadeInRight\" data-animationduration=\"0.8\" data-animationoffset=\"100%\"><div class=\"fusion-column-wrapper fusion-flex-column-wrapper-legacy\" style=\"background-position:left top;background-repeat:no-repeat;-webkit-background-size:cover;-moz-background-size:cover;-o-background-size:cover;background-size:cover;padding: 40px 35px 0px 35px;\"><div class=\"fusion-column-content-centered\"><div class=\"fusion-column-content\"><div class=\"imageframe-align-center\"><span class=\"fusion-imageframe imageframe-none imageframe-1 hover-type-none\"><img decoding=\"async\" width=\"600\" height=\"493\" title=\"smart city\" src=\"https:\/\/anlix.io\/wp-content\/uploads\/2022\/02\/smart-city-1.png\" data-orig-src=\"https:\/\/anlix.io\/wp-content\/uploads\/2022\/02\/smart-city-1.png\" class=\"lazyload img-responsive wp-image-2990\" srcset=\"data:image\/svg+xml,%3Csvg%20xmlns%3D%27http%3A%2F%2Fwww.w3.org%2F2000%2Fsvg%27%20width%3D%27600%27%20height%3D%27493%27%20viewBox%3D%270%200%20600%20493%27%3E%3Crect%20width%3D%27600%27%20height%3D%27493%27%20fill-opacity%3D%220%22%2F%3E%3C%2Fsvg%3E\" data-srcset=\"https:\/\/anlix.io\/wp-content\/uploads\/2022\/02\/smart-city-1-200x164.png 200w, https:\/\/anlix.io\/wp-content\/uploads\/2022\/02\/smart-city-1-400x329.png 400w, https:\/\/anlix.io\/wp-content\/uploads\/2022\/02\/smart-city-1.png 600w\" data-sizes=\"auto\" data-orig-sizes=\"(max-width: 1000px) 100vw, 600px\" \/><\/span><\/div><\/div><\/div><div class=\"fusion-clearfix\"><\/div><\/div><\/div><div class=\"fusion-layout-column fusion_builder_column fusion-builder-column-2 fusion_builder_column_1_2 1_2 fusion-one-half fusion-column-last fusion-animated\" style=\"width:50%;width:calc(50% - ( ( 0 ) * 0.5 ) );margin-top:0px;margin-bottom:0px;\" data-animationtype=\"fadeInLeft\" data-animationduration=\"0.8\" data-animationoffset=\"100%\"><div class=\"fusion-column-wrapper fusion-flex-column-wrapper-legacy\" style=\"background-position:left top;background-repeat:no-repeat;-webkit-background-size:cover;-moz-background-size:cover;-o-background-size:cover;background-size:cover;padding: 0% 12% 12% 12%;\"><div class=\"fusion-text fusion-text-2\"><h3 class=\"fusion-responsive-typography-calculated\" style=\"font-family: Poppins; font-weight: 600; color: #133e16; --fontsize: 26; line-height: 1.3; --minfontsize: 26; font-size: 27px;\" data-fusion-font=\"true\" data-fusion-google-font=\"Poppins\" data-fusion-google-variant=\"600\" data-fontsize=\"26\" data-lineheight=\"33.8px\"><strong>Remote management and monitoring for the Internet of Things<\/strong><\/h3>\n<\/div><div class=\"fusion-sep-clear\"><\/div><div class=\"fusion-separator fusion-full-width-sep\" style=\"margin-left: auto;margin-right: auto;margin-top:5px;margin-bottom:25px;width:100%;\"><div class=\"fusion-separator-border sep-single sep-solid\" style=\"border-color:#e0dede;border-top-width:1px;\"><\/div><\/div><div class=\"fusion-sep-clear\"><\/div><div class=\"fusion-text fusion-text-3\"><p data-fusion-font=\"true\" data-fusion-google-font=\"Roboto Slab\" data-fusion-google-variant=\"400\" style=\"font-family: 'Roboto Slab'; font-weight: 400;\"><span style=\"background-color: rgba(255, 255, 255, 0); color: var(--body_typography-color); font-size: var(--body_typography-font-size); letter-spacing: var(--body_typography-letter-spacing); font-family: Karla; font-weight: 600;\" data-fusion-font=\"true\" data-fusion-google-font=\"Karla\" data-fusion-google-variant=\"600\">We are working on expanding Flashboard to <span style=\"color: rgb(28, 119, 97);\">monitor sensors<\/span> and the operation of equipment that is connected to the Internet. <\/span><\/p>\n<p data-fusion-font=\"true\" data-fusion-google-font=\"Roboto Slab\" data-fusion-google-variant=\"400\" style=\"font-family: 'Roboto Slab'; font-weight: 400;\"><span style=\"background-color: rgba(255, 255, 255, 0); color: var(--body_typography-color); font-size: var(--body_typography-font-size); letter-spacing: var(--body_typography-letter-spacing); font-family: Karla; font-weight: 600;\" data-fusion-font=\"true\" data-fusion-google-font=\"Karla\" data-fusion-google-variant=\"600\">The project covers the <span style=\"color: rgb(28, 119, 97);\">elaboration of indicators<\/span> important from the temporal analysis of the data received and the preparation of <span style=\"color: rgb(28, 119, 97);\">alarms and sending notifications<\/span> for tool users.<\/span><\/p>\n<\/div><div class=\"fusion-clearfix\"><\/div><\/div><\/div><\/div><\/div><\/p>","protected":false},"excerpt":{"rendered":"","protected":false},"author":1,"featured_media":0,"parent":0,"menu_order":0,"comment_status":"closed","ping_status":"closed","template":"100-width.php","meta":{"footnotes":""},"yoast_head":"<!-- This site is optimized with the Yoast SEO plugin v19.9 - https:\/\/yoast.com\/wordpress\/plugins\/seo\/ -->\n<title>O que vem por a\u00ed - Anlix<\/title>\n<meta name=\"robots\" content=\"index, follow, max-snippet:-1, max-image-preview:large, max-video-preview:-1\" \/>\n<link rel=\"canonical\" href=\"https:\/\/anlix.io\/en\/o-que-vem-por-ai\/\" \/>\n<meta property=\"og:locale\" content=\"en_US\" \/>\n<meta property=\"og:type\" content=\"article\" \/>\n<meta property=\"og:title\" content=\"O que vem por a\u00ed - Anlix\" \/>\n<meta property=\"og:url\" content=\"https:\/\/anlix.io\/en\/o-que-vem-por-ai\/\" \/>\n<meta property=\"og:site_name\" content=\"Anlix\" \/>\n<meta property=\"article:publisher\" content=\"https:\/\/www.facebook.com\/anlix.io\/\" \/>\n<meta property=\"article:modified_time\" content=\"2024-02-07T21:06:52+00:00\" \/>\n<meta name=\"twitter:card\" content=\"summary_large_image\" \/>\n<meta name=\"twitter:label1\" content=\"Est. reading time\" \/>\n\t<meta name=\"twitter:data1\" content=\"5 minutes\" \/>\n<script type=\"application\/ld+json\" class=\"yoast-schema-graph\">{\"@context\":\"https:\/\/schema.org\",\"@graph\":[{\"@type\":\"WebPage\",\"@id\":\"https:\/\/anlix.io\/o-que-vem-por-ai\/\",\"url\":\"https:\/\/anlix.io\/o-que-vem-por-ai\/\",\"name\":\"O que vem por a\u00ed - Anlix\",\"isPartOf\":{\"@id\":\"https:\/\/anlix.io\/#website\"},\"datePublished\":\"2022-02-22T19:31:39+00:00\",\"dateModified\":\"2024-02-07T21:06:52+00:00\",\"breadcrumb\":{\"@id\":\"https:\/\/anlix.io\/o-que-vem-por-ai\/#breadcrumb\"},\"inLanguage\":\"en-US\",\"potentialAction\":[{\"@type\":\"ReadAction\",\"target\":[\"https:\/\/anlix.io\/o-que-vem-por-ai\/\"]}]},{\"@type\":\"BreadcrumbList\",\"@id\":\"https:\/\/anlix.io\/o-que-vem-por-ai\/#breadcrumb\",\"itemListElement\":[{\"@type\":\"ListItem\",\"position\":1,\"name\":\"Home\",\"item\":\"https:\/\/anlix.io\/\"},{\"@type\":\"ListItem\",\"position\":2,\"name\":\"O que vem por a\u00ed\"}]},{\"@type\":\"WebSite\",\"@id\":\"https:\/\/anlix.io\/#website\",\"url\":\"https:\/\/anlix.io\/\",\"name\":\"Anlix\",\"description\":\"Ger\u00eancia, automa\u00e7\u00e3o, monitoramento e an\u00e1lise\",\"publisher\":{\"@id\":\"https:\/\/anlix.io\/#organization\"},\"potentialAction\":[{\"@type\":\"SearchAction\",\"target\":{\"@type\":\"EntryPoint\",\"urlTemplate\":\"https:\/\/anlix.io\/?s={search_term_string}\"},\"query-input\":\"required name=search_term_string\"}],\"inLanguage\":\"en-US\"},{\"@type\":\"Organization\",\"@id\":\"https:\/\/anlix.io\/#organization\",\"name\":\"Anlix\",\"url\":\"https:\/\/anlix.io\/\",\"logo\":{\"@type\":\"ImageObject\",\"inLanguage\":\"en-US\",\"@id\":\"https:\/\/anlix.io\/#\/schema\/logo\/image\/\",\"url\":\"https:\/\/anlix.io\/wp-content\/uploads\/2020\/05\/anlix-favicon.png\",\"contentUrl\":\"https:\/\/anlix.io\/wp-content\/uploads\/2020\/05\/anlix-favicon.png\",\"width\":497,\"height\":497,\"caption\":\"Anlix\"},\"image\":{\"@id\":\"https:\/\/anlix.io\/#\/schema\/logo\/image\/\"},\"sameAs\":[\"https:\/\/www.instagram.com\/anlix.io\/\",\"https:\/\/www.linkedin.com\/company\/anlix\/\",\"https:\/\/www.youtube.com\/channel\/UC9L5nmnn5oJmfDlSWY2ix6Q\",\"https:\/\/www.facebook.com\/anlix.io\/\"]}]}<\/script>\n<!-- \/ Yoast SEO plugin. -->","yoast_head_json":{"title":"What&#039;s Next - Anlix","robots":{"index":"index","follow":"follow","max-snippet":"max-snippet:-1","max-image-preview":"max-image-preview:large","max-video-preview":"max-video-preview:-1"},"canonical":"https:\/\/anlix.io\/en\/o-que-vem-por-ai\/","og_locale":"en_US","og_type":"article","og_title":"O que vem por a\u00ed - Anlix","og_url":"https:\/\/anlix.io\/en\/o-que-vem-por-ai\/","og_site_name":"Anlix","article_publisher":"https:\/\/www.facebook.com\/anlix.io\/","article_modified_time":"2024-02-07T21:06:52+00:00","twitter_card":"summary_large_image","twitter_misc":{"Est. reading time":"5 minutes"},"schema":{"@context":"https:\/\/schema.org","@graph":[{"@type":"WebPage","@id":"https:\/\/anlix.io\/o-que-vem-por-ai\/","url":"https:\/\/anlix.io\/o-que-vem-por-ai\/","name":"What&#039;s Next - Anlix","isPartOf":{"@id":"https:\/\/anlix.io\/#website"},"datePublished":"2022-02-22T19:31:39+00:00","dateModified":"2024-02-07T21:06:52+00:00","breadcrumb":{"@id":"https:\/\/anlix.io\/o-que-vem-por-ai\/#breadcrumb"},"inLanguage":"en-US","potentialAction":[{"@type":"ReadAction","target":["https:\/\/anlix.io\/o-que-vem-por-ai\/"]}]},{"@type":"BreadcrumbList","@id":"https:\/\/anlix.io\/o-que-vem-por-ai\/#breadcrumb","itemListElement":[{"@type":"ListItem","position":1,"name":"Home","item":"https:\/\/anlix.io\/"},{"@type":"ListItem","position":2,"name":"O que vem por a\u00ed"}]},{"@type":"WebSite","@id":"https:\/\/anlix.io\/#website","url":"https:\/\/anlix.io\/","name":"Anlix","description":"Management, automation, monitoring and analysis","publisher":{"@id":"https:\/\/anlix.io\/#organization"},"potentialAction":[{"@type":"SearchAction","target":{"@type":"EntryPoint","urlTemplate":"https:\/\/anlix.io\/?s={search_term_string}"},"query-input":"required name=search_term_string"}],"inLanguage":"en-US"},{"@type":"Organization","@id":"https:\/\/anlix.io\/#organization","name":"Anlix","url":"https:\/\/anlix.io\/","logo":{"@type":"ImageObject","inLanguage":"en-US","@id":"https:\/\/anlix.io\/#\/schema\/logo\/image\/","url":"https:\/\/anlix.io\/wp-content\/uploads\/2020\/05\/anlix-favicon.png","contentUrl":"https:\/\/anlix.io\/wp-content\/uploads\/2020\/05\/anlix-favicon.png","width":497,"height":497,"caption":"Anlix"},"image":{"@id":"https:\/\/anlix.io\/#\/schema\/logo\/image\/"},"sameAs":["https:\/\/www.instagram.com\/anlix.io\/","https:\/\/www.linkedin.com\/company\/anlix\/","https:\/\/www.youtube.com\/channel\/UC9L5nmnn5oJmfDlSWY2ix6Q","https:\/\/www.facebook.com\/anlix.io\/"]}]}},"_links":{"self":[{"href":"https:\/\/anlix.io\/en\/wp-json\/wp\/v2\/pages\/2977"}],"collection":[{"href":"https:\/\/anlix.io\/en\/wp-json\/wp\/v2\/pages"}],"about":[{"href":"https:\/\/anlix.io\/en\/wp-json\/wp\/v2\/types\/page"}],"author":[{"embeddable":true,"href":"https:\/\/anlix.io\/en\/wp-json\/wp\/v2\/users\/1"}],"replies":[{"embeddable":true,"href":"https:\/\/anlix.io\/en\/wp-json\/wp\/v2\/comments?post=2977"}],"version-history":[{"count":15,"href":"https:\/\/anlix.io\/en\/wp-json\/wp\/v2\/pages\/2977\/revisions"}],"predecessor-version":[{"id":4236,"href":"https:\/\/anlix.io\/en\/wp-json\/wp\/v2\/pages\/2977\/revisions\/4236"}],"wp:attachment":[{"href":"https:\/\/anlix.io\/en\/wp-json\/wp\/v2\/media?parent=2977"}],"curies":[{"name":"wp","href":"https:\/\/api.w.org\/{rel}","templated":true}]}}