{"id":1186,"date":"2019-01-14T16:19:47","date_gmt":"2019-01-14T16:19:47","guid":{"rendered":"https:\/\/anlix.io\/?page_id=14"},"modified":"2026-03-27T13:37:01","modified_gmt":"2026-03-27T13:37:01","slug":"contato","status":"publish","type":"page","link":"https:\/\/anlix.io\/es\/contato\/","title":{"rendered":"Contacto"},"content":{"rendered":"<div class=\"fusion-fullwidth fullwidth-box fusion-builder-row-1 nonhundred-percent-fullwidth non-hundred-percent-height-scrolling\" style=\"background-color: #f2f3f3;background-position: center center;background-repeat: no-repeat;padding-top:4%;padding-right:0px;padding-bottom:0px;padding-left:0px;margin-bottom: 0px;margin-top: 0px;border-width: 0px 0px 0px 0px;border-color:#eae9e9;border-style:solid;\" ><div class=\"fusion-builder-row fusion-row\"><div class=\"fusion-layout-column fusion_builder_column fusion-builder-column-0 fusion_builder_column_1_3 1_3 fusion-one-third fusion-column-first fusion-animated\" style=\"width:33.333333333333%;width:calc(33.333333333333% - ( ( 4% ) * 0.33333333333333 ) );margin-right: 4%;margin-top:25px;margin-bottom:25px;\" data-animationtype=\"fadeInLeft\" data-animationduration=\"0.8\" data-animationoffset=\"100%\"><div class=\"fusion-column-wrapper fusion-flex-column-wrapper-legacy\" style=\"background-position:left top;background-repeat:no-repeat;-webkit-background-size:cover;-moz-background-size:cover;-o-background-size:cover;background-size:cover;padding: 0px 0px 0px 0px;\"><style type=\"text\/css\"><\/style><div class=\"fusion-title title fusion-title-1 fusion-sep-none fusion-title-text fusion-title-size-one\" style=\"margin-top:0px;margin-right:0px;margin-bottom:20px;margin-left:0px;\"><h1 class=\"title-heading-left fusion-responsive-typography-calculated\" style=\"margin:0;--fontSize:60;line-height:1.25;\"><h2><strong>Hable con nosotros<\/strong><\/h2><\/h1><\/div><div class=\"fusion-text fusion-text-1\"><p><span style=\"font-size: 24px; line-height: 1.6em; letter-spacing: -1px;\">Rellena el formulario y descubre m\u00e1s sobre nuestras soluciones.<\/span><\/p>\n<\/div><div class=\"fusion-social-links\"><div class=\"fusion-social-networks boxed-icons\"><div class=\"fusion-social-networks-wrapper\"><a class=\"fusion-social-network-icon fusion-tooltip fusion-youtube fusion-icon-youtube\" style=\"color:#bebdbd;font-size:16px;width: calc(16px + (2 * (8px)) + 2px);background-color:#e8e8e8;border-color:#e8e8e8;border-radius:4px;\" data-placement=\"top\" data-title=\"YouTube\" data-toggle=\"tooltip\" title=\"Youtube\" aria-label=\"Youtube\" target=\"_blank\" rel=\"noopener noreferrer\" href=\"https:\/\/www.youtube.com\/channel\/UC9L5nmnn5oJmfDlSWY2ix6Q\"><\/a><a class=\"fusion-social-network-icon fusion-tooltip fusion-instagram fusion-icon-instagram\" style=\"color:#bebdbd;font-size:16px;width: calc(16px + (2 * (8px)) + 2px);background-color:#e8e8e8;border-color:#e8e8e8;border-radius:4px;\" data-placement=\"top\" data-title=\"Instagram\" data-toggle=\"tooltip\" title=\"Instagram\" aria-label=\"Instagram\" target=\"_blank\" rel=\"noopener noreferrer\" href=\"https:\/\/www.instagram.com\/anlix.io\/\"><\/a><a class=\"fusion-social-network-icon fusion-tooltip fusion-linkedin fusion-icon-linkedin\" style=\"color:#bebdbd;font-size:16px;width: calc(16px + (2 * (8px)) + 2px);background-color:#e8e8e8;border-color:#e8e8e8;border-radius:4px;\" data-placement=\"top\" data-title=\"LinkedIn\" data-toggle=\"tooltip\" title=\"LinkedIn\" aria-label=\"Linkedin\" target=\"_blank\" rel=\"noopener noreferrer\" href=\"https:\/\/www.linkedin.com\/company\/anlix\"><\/a><a class=\"fusion-social-network-icon fusion-tooltip fusion-spotify fusion-icon-spotify\" style=\"color:#bebdbd;font-size:16px;width: calc(16px + (2 * (8px)) + 2px);background-color:#e8e8e8;border-color:#e8e8e8;border-radius:4px;\" data-placement=\"top\" data-title=\"Spotify\" data-toggle=\"tooltip\" title=\"Spotify\" aria-label=\"spotificar\" target=\"_blank\" rel=\"noopener noreferrer\" href=\"https:\/\/open.spotify.com\/show\/6Qxu31eNYiL4ecFng4JsuN\"><\/a><a class=\"fusion-social-network-icon fusion-tooltip fusion-whatsapp fusion-icon-whatsapp\" style=\"color:#bebdbd;font-size:16px;width: calc(16px + (2 * (8px)) + 2px);background-color:#e8e8e8;border-color:#e8e8e8;border-radius:4px;\" data-placement=\"top\" data-title=\"WhatsApp\" data-toggle=\"tooltip\" title=\"Whatsapp\" aria-label=\"Whatsapp\" target=\"_blank\" rel=\"noopener noreferrer\" href=\"https:\/\/wa.me\/552222121000\"><\/a><a class=\"fusion-social-network-icon fusion-tooltip fusion-facebook fusion-icon-facebook\" style=\"color:#bebdbd;font-size:16px;width: calc(16px + (2 * (8px)) + 2px);background-color:#e8e8e8;border-color:#e8e8e8;border-radius:4px;\" data-placement=\"top\" data-title=\"Facebook\" data-toggle=\"tooltip\" title=\"Facebook\" aria-label=\"Facebook\" target=\"_blank\" rel=\"noopener noreferrer\" href=\"https:\/\/www.facebook.com\/anlix.io\/\"><\/a><a class=\"fusion-social-network-icon fusion-tooltip fusion-mail fusion-icon-mail\" style=\"color:#bebdbd;font-size:16px;width: calc(16px + (2 * (8px)) + 2px);background-color:#e8e8e8;border-color:#e8e8e8;border-radius:4px;\" data-placement=\"top\" data-title=\"Email\" data-toggle=\"tooltip\" title=\"Correo electr\u00f3nico\" aria-label=\"correo\" target=\"_blank\" rel=\"noopener noreferrer\" href=\"mailto:&#099;on&#116;&#097;to&#064;anli&#120;.io\"><\/a><\/div><\/div><\/div><div class=\"fusion-sep-clear\"><\/div><div class=\"fusion-separator fusion-full-width-sep\" style=\"margin-left: auto;margin-right: auto;margin-top:25px;margin-bottom:30px;width:100%;\"><div class=\"fusion-separator-border sep-single sep-solid\" style=\"border-color:#e3e6e6;border-top-width:1px;\"><\/div><\/div><div class=\"fusion-sep-clear\"><\/div><div class=\"fusion-text fusion-text-2\"><p><span style=\"color: var(--body_typography-color); font-family: var(--body_typography-font-family); font-size: 14px; font-style: var(--body_typography-font-style,normal); font-weight: bold; letter-spacing: 2px;\">SEDE RIO DE JANEIRO-RJ<\/span><\/p>\n<\/div><ul class=\"fusion-checklist fusion-checklist-1\" style=\"font-size:18px;line-height:30.6px;\"><li class=\"fusion-li-item\"><span style=\"height:30.6px;width:30.6px;margin-right:12.6px;\" class=\"icon-wrapper circle-no\"><i class=\"fusion-li-icon fa-home fas\" style=\"color:#fe865d;\" aria-hidden=\"true\"><\/i><\/span><div class=\"fusion-li-item-content\" style=\"margin-left:43.2px;\">Rua Engenheiro Enaldo Cravo Peixoto \u2013 215 \u2013 <span style=\"color: var(--body_typography-color); font-family: var(--body_typography-font-family); font-style: var(--body_typography-font-style,normal); letter-spacing: var(--body_typography-letter-spacing);\">Habitaci\u00f3n 1017 \u2013 Tijuca.<\/span><span style=\"color: var(--body_typography-color); font-family: var(--body_typography-font-family); font-style: var(--body_typography-font-style,normal); letter-spacing: var(--body_typography-letter-spacing);\">\u00a020540-106<\/span><\/div><\/li><\/ul><div class=\"fusion-sep-clear\"><\/div><div class=\"fusion-separator fusion-full-width-sep\" style=\"margin-left: auto;margin-right: auto;margin-top:30px;width:100%;\"><div class=\"fusion-separator-border sep-double\" style=\"border-color:#e0dede;border-top-width:1px;border-bottom-width:1px;\"><\/div><\/div><div class=\"fusion-sep-clear\"><\/div><div class=\"fusion-text fusion-text-3\"><p><span style=\"color: var(--body_typography-color); font-family: var(--body_typography-font-family); font-size: 14px; font-style: var(--body_typography-font-style,normal); font-weight: bold; letter-spacing: 2px;\">SEDE NOVA FRIBURGO-RJ<\/span><\/p>\n<\/div><ul class=\"fusion-checklist fusion-checklist-2\" style=\"font-size:18px;line-height:30.6px;\"><li class=\"fusion-li-item\"><span style=\"height:30.6px;width:30.6px;margin-right:12.6px;\" class=\"icon-wrapper circle-no\"><i class=\"fusion-li-icon fa-home fas\" style=\"color:#fe865d;\" aria-hidden=\"true\"><\/i><\/span><div class=\"fusion-li-item-content\" style=\"margin-left:43.2px;\">\n<p>13, Mury. 28615-060<\/p>\n<\/div><\/li><\/ul><div class=\"fusion-sep-clear\"><\/div><div class=\"fusion-separator fusion-full-width-sep\" style=\"margin-left: auto;margin-right: auto;margin-top:30px;width:100%;\"><div class=\"fusion-separator-border sep-double\" style=\"border-color:#e0dede;border-top-width:1px;border-bottom-width:1px;\"><\/div><\/div><div class=\"fusion-sep-clear\"><\/div><div class=\"fusion-text fusion-text-4\"><p><span style=\"font-size: 14px; font-weight: bold; letter-spacing: 2px;\">SERVICIO AL CLIENTE<\/span><\/p>\n<\/div><ul class=\"fusion-checklist fusion-checklist-3\" style=\"font-size:18px;line-height:30.6px;\"><li class=\"fusion-li-item\"><span style=\"height:30.6px;width:30.6px;margin-right:12.6px;\" class=\"icon-wrapper circle-no\"><i class=\"fusion-li-icon fa-envelope fas\" style=\"color:#fe865d;\" aria-hidden=\"true\"><\/i><\/span><div class=\"fusion-li-item-content\" style=\"margin-left:43.2px;\">\n<p>contato@anlix.io<\/p>\n<\/div><\/li><li class=\"fusion-li-item\"><span style=\"height:30.6px;width:30.6px;margin-right:12.6px;\" class=\"icon-wrapper circle-no\"><i class=\"fusion-li-icon fa-phone fas\" style=\"color:#fe865d;\" aria-hidden=\"true\"><\/i><\/span><div class=\"fusion-li-item-content\" style=\"margin-left:43.2px;\">\n<p>(22) 2212-1000<\/p>\n<\/div><\/li><li class=\"fusion-li-item\"><span style=\"height:30.6px;width:30.6px;margin-right:12.6px;\" class=\"icon-wrapper circle-no\"><i class=\"fusion-li-icon fa-phone fas\" style=\"color:#fe865d;\" aria-hidden=\"true\"><\/i><\/span><div class=\"fusion-li-item-content\" style=\"margin-left:43.2px;\">\n<p>(21) 3941-0200<\/p>\n<\/div><\/li><\/ul><div class=\"fusion-sep-clear\"><\/div><div class=\"fusion-separator fusion-full-width-sep\" style=\"margin-left: auto;margin-right: auto;margin-top:30px;width:100%;\"><div class=\"fusion-separator-border sep-double\" style=\"border-color:#e0dede;border-top-width:1px;border-bottom-width:1px;\"><\/div><\/div><div class=\"fusion-sep-clear\"><\/div><div class=\"fusion-sep-clear\"><\/div><div class=\"fusion-separator fusion-no-large-visibility fusion-full-width-sep\" style=\"margin-left: auto;margin-right: auto;margin-top:15px;width:100%;\"><div class=\"fusion-separator-border sep-double\" style=\"border-color:#e0dede;border-top-width:1px;border-bottom-width:1px;\"><\/div><\/div><div class=\"fusion-sep-clear\"><\/div><div class=\"fusion-align-block\"><style type=\"text\/css\">.fusion-button.button-1 .fusion-button-text, .fusion-button.button-1 i {color:#ffffff;}.fusion-button.button-1 .fusion-button-icon-divider{border-color:#ffffff;}.fusion-button.button-1:hover .fusion-button-text, .fusion-button.button-1:hover i,.fusion-button.button-1:focus .fusion-button-text, .fusion-button.button-1:focus i,.fusion-button.button-1:active .fusion-button-text, .fusion-button.button-1:active{color:#ffffff;}.fusion-button.button-1:hover .fusion-button-icon-divider, .fusion-button.button-1:hover .fusion-button-icon-divider, .fusion-button.button-1:active .fusion-button-icon-divider{border-color:#ffffff;}.fusion-button.button-1:hover, .fusion-button.button-1:focus, .fusion-button.button-1:active{border-color:#ffffff;}.fusion-button.button-1 {border-color:#ffffff;border-radius:10px;}.fusion-button.button-1{background: #1c7761;}.fusion-button.button-1:hover,.button-1:focus,.fusion-button.button-1:active{background: #1c7761;}<\/style><a class=\"fusion-button button-flat fusion-button-default-size button-custom button-1 fusion-button-default-span fusion-button-default-type\" target=\"_blank\" rel=\"noopener noreferrer\" href=\"https:\/\/documentacao.anlix.io\/lib\/exe\/fetch.php?media=wiki:politica_de_privacidade_anlix.pdf\"><span class=\"fusion-button-text\">Lea nuestra Pol\u00edtica de Privacidad<\/span><\/a><\/div><div class=\"fusion-clearfix\"><\/div><\/div><\/div><div class=\"fusion-layout-column fusion_builder_column fusion-builder-column-1 fusion_builder_column_2_3 2_3 fusion-two-third fusion-column-last\" style=\"width:66.666666666667%;width:calc(66.666666666667% - ( ( 4% ) * 0.66666666666667 ) );margin-top:25px;margin-bottom:0px;\"><div class=\"fusion-column-wrapper fusion-flex-column-wrapper-legacy\" style=\"background-position:left top;background-repeat:no-repeat;-webkit-background-size:cover;-moz-background-size:cover;-o-background-size:cover;background-size:cover;background-color:#ffffff;border-width: 0px 0px 0px 0px;border-color:rgba(14,16,26,0.07);border-style:solid;padding: 8% 10% 10% 10%;\"><style type=\"text\/css\"><\/style><div class=\"fusion-title title fusion-title-2 fusion-sep-none fusion-title-text fusion-title-size-three\" style=\"margin-top:0px;margin-right:0px;margin-bottom:5px;margin-left:0px;\"><h3 class=\"title-heading-left fusion-responsive-typography-calculated\" style=\"margin:0;color:#1c7761;--fontSize:26;line-height:1.3;\"><strong>\u00a1Reg\u00edstrate ahora y descubre nuestras soluciones!<\/strong><\/h3><\/div><div class=\"fusion-text fusion-text-5 fusion-no-small-visibility fusion-no-medium-visibility\"><p>Pero antes, cu\u00e9ntenos un poco m\u00e1s sobre usted y su proveedor.<\/p>\n<\/div><div class=\"fusion-sep-clear\"><\/div><div class=\"fusion-separator fusion-full-width-sep\" style=\"margin-left: auto;margin-right: auto;margin-top:10px;margin-bottom:30px;width:100%;\"><div class=\"fusion-separator-border sep-single sep-solid\" style=\"border-color:#e0dede;border-top-width:1px;\"><\/div><\/div><div class=\"fusion-sep-clear\"><\/div><div role=\"main\" id=\"formulario-principal-2025-f0a3aacd5c1aeefdeba4\"><\/div><script type=\"text\/javascript\" src=\"https:\/\/d335luupugsy2.cloudfront.net\/js\/rdstation-forms\/stable\/rdstation-forms.min.js\"><\/script><script type=\"text\/javascript\"> new RDStationForms('formulario-principal-2025-f0a3aacd5c1aeefdeba4', 'UA-122030159-1').createForm();<\/script><div class=\"fusion-sep-clear\"><\/div><div class=\"fusion-separator fusion-full-width-sep\" style=\"margin-left: auto;margin-right: auto;margin-top:20px;margin-bottom:40px;width:100%;\"><div class=\"fusion-separator-border sep-single sep-solid\" style=\"border-color:#e0dede;border-top-width:1px;\"><\/div><\/div><div class=\"fusion-sep-clear\"><\/div><style type=\"text\/css\"><\/style><div class=\"fusion-title title fusion-title-3 fusion-sep-none fusion-title-center fusion-title-text fusion-title-size-five\" style=\"margin-top:20px;margin-right:0px;margin-bottom:20px;margin-left:0px;\"><h5 class=\"title-heading-center fusion-responsive-typography-calculated\" style=\"margin:0;--fontSize:16;line-height:1.6;\"><h4>DONDE NOS QUEDAMOS<\/h4><\/h5><\/div>\t\t\t\t\t<script type=\"text\/javascript\">\n\t\t\t\t\t\tvar map_fusion_map_69decf467dc93;\n\t\t\t\t\t\tvar markers = [];\n\t\t\t\t\t\tvar counter = 0;\n\t\t\t\t\t\t\t\t\t\t\t\t\t\t\t\t\t\t\t\tvar fusionMapNonce = '11077e9b70';\n\t\t\t\t\t\t\t\t\t\t\t\tfunction fusion_run_map_fusion_map_69decf467dc93() {\n\t\t\t\t\t\t\tjQuery('#fusion_map_69decf467dc93').fusion_maps({\n\t\t\t\t\t\t\t\taddresses: [{\"address\":\"-22.922509091804038,-43.234736695895705\",\"infobox_content\":\"\",\"coordinates\":true,\"latitude\":\"-22.922509091804038\",\"longitude\":\"-43.234736695895705\",\"cache\":true,\"geocoded_address\":\"-22.922509091804038,-43.234736695895705\"}],\n\t\t\t\t\t\t\t\tanimations: false,\n\t\t\t\t\t\t\t\tinfobox_background_color: '',\n\t\t\t\t\t\t\t\tinfobox_styling: 'default',\n\t\t\t\t\t\t\t\tinfobox_text_color: '',\n\t\t\t\t\t\t\t\tmap_style: 'default',\n\t\t\t\t\t\t\t\tmap_type: 'roadmap',\n\t\t\t\t\t\t\t\tmarker_icon: '',\n\t\t\t\t\t\t\t\toverlay_color: '',\n\t\t\t\t\t\t\t\toverlay_color_hsl: {\"hue\":0,\"sat\":0,\"lum\":100},\n\t\t\t\t\t\t\t\tpan_control: true,\n\t\t\t\t\t\t\t\tshow_address: true,\n\t\t\t\t\t\t\t\tscale_control: true,\n\t\t\t\t\t\t\t\tscrollwheel: true,\n\t\t\t\t\t\t\t\tzoom: 15,\n\t\t\t\t\t\t\t\tzoom_control: true,\n\t\t\t\t\t\t\t});\n\t\t\t\t\t\t}\n\n\t\t\t\t\t\tgoogle.maps.event.addDomListener(window, 'load', fusion_run_map_fusion_map_69decf467dc93);\n\t\t\t\t\t<\/script>\n\t\t\t\t\t<div class=\"shortcode-map fusion-google-map fusion-maps-js-type\" id=\"fusion_map_69decf467dc93\" style=\"height:440px;width:100%;\"><\/div><style type=\"text\/css\"><\/style><div class=\"fusion-title title fusion-title-4 fusion-sep-none fusion-title-center fusion-title-text fusion-title-size-five\" style=\"margin-top:20px;margin-right:0px;margin-bottom:20px;margin-left:0px;\"><h5 class=\"title-heading-center fusion-responsive-typography-calculated\" style=\"margin:0;--fontSize:16;line-height:1.6;\"><h6><span style=\"color: #339966;\">SEDE R\u00cdO DE JANEIRO<\/span><\/h6><\/h5><\/div>\t\t\t\t\t<script type=\"text\/javascript\">\n\t\t\t\t\t\tvar map_fusion_map_69decf467dee0;\n\t\t\t\t\t\tvar markers = [];\n\t\t\t\t\t\tvar counter = 0;\n\t\t\t\t\t\t\t\t\t\t\t\tfunction fusion_run_map_fusion_map_69decf467dee0() {\n\t\t\t\t\t\t\tjQuery('#fusion_map_69decf467dee0').fusion_maps({\n\t\t\t\t\t\t\t\taddresses: [{\"address\":\"-22.30954527438113, -42.521116371088034\",\"infobox_content\":\"\",\"coordinates\":true,\"latitude\":\"-22.30954527438113\",\"longitude\":\" -42.521116371088034\",\"cache\":true,\"geocoded_address\":\"-22.30954527438113, -42.521116371088034\"}],\n\t\t\t\t\t\t\t\tanimations: false,\n\t\t\t\t\t\t\t\tinfobox_background_color: '',\n\t\t\t\t\t\t\t\tinfobox_styling: 'default',\n\t\t\t\t\t\t\t\tinfobox_text_color: '',\n\t\t\t\t\t\t\t\tmap_style: 'default',\n\t\t\t\t\t\t\t\tmap_type: 'roadmap',\n\t\t\t\t\t\t\t\tmarker_icon: '',\n\t\t\t\t\t\t\t\toverlay_color: '',\n\t\t\t\t\t\t\t\toverlay_color_hsl: {\"hue\":0,\"sat\":0,\"lum\":100},\n\t\t\t\t\t\t\t\tpan_control: true,\n\t\t\t\t\t\t\t\tshow_address: true,\n\t\t\t\t\t\t\t\tscale_control: true,\n\t\t\t\t\t\t\t\tscrollwheel: true,\n\t\t\t\t\t\t\t\tzoom: 15,\n\t\t\t\t\t\t\t\tzoom_control: true,\n\t\t\t\t\t\t\t});\n\t\t\t\t\t\t}\n\n\t\t\t\t\t\tgoogle.maps.event.addDomListener(window, 'load', fusion_run_map_fusion_map_69decf467dee0);\n\t\t\t\t\t<\/script>\n\t\t\t\t\t<div class=\"shortcode-map fusion-google-map fusion-maps-js-type\" id=\"fusion_map_69decf467dee0\" style=\"height:440px;width:100%;\"><\/div><style type=\"text\/css\"><\/style><div class=\"fusion-title title fusion-title-5 fusion-sep-none fusion-title-center fusion-title-text fusion-title-size-five\" style=\"margin-top:20px;margin-right:0px;margin-bottom:20px;margin-left:0px;\"><h5 class=\"title-heading-center fusion-responsive-typography-calculated\" style=\"margin:0;--fontSize:16;line-height:1.6;\"><h6><span style=\"color: #339966;\">SEDE NOVA FRIBURGO<\/span><\/h6><\/h5><\/div><div class=\"fusion-clearfix\"><\/div><\/div><\/div><\/div><\/div>","protected":false},"excerpt":{"rendered":"","protected":false},"author":1,"featured_media":0,"parent":0,"menu_order":0,"comment_status":"closed","ping_status":"closed","template":"100-width.php","meta":{"footnotes":""},"yoast_head":"<!-- This site is optimized with the Yoast SEO plugin v19.9 - https:\/\/yoast.com\/wordpress\/plugins\/seo\/ -->\n<title>Contato - Anlix<\/title>\n<meta name=\"robots\" content=\"index, follow, max-snippet:-1, max-image-preview:large, max-video-preview:-1\" \/>\n<link rel=\"canonical\" href=\"https:\/\/anlix.io\/es\/contato\/\" \/>\n<meta property=\"og:locale\" content=\"es_ES\" \/>\n<meta property=\"og:type\" content=\"article\" \/>\n<meta property=\"og:title\" content=\"Contato - Anlix\" \/>\n<meta property=\"og:url\" content=\"https:\/\/anlix.io\/es\/contato\/\" \/>\n<meta property=\"og:site_name\" content=\"Anlix\" \/>\n<meta property=\"article:publisher\" content=\"https:\/\/www.facebook.com\/anlix.io\/\" \/>\n<meta property=\"article:modified_time\" content=\"2026-03-27T13:37:01+00:00\" \/>\n<meta name=\"twitter:card\" content=\"summary_large_image\" \/>\n<meta name=\"twitter:label1\" content=\"Tiempo de lectura\" \/>\n\t<meta name=\"twitter:data1\" content=\"8 minutos\" \/>\n<script type=\"application\/ld+json\" class=\"yoast-schema-graph\">{\"@context\":\"https:\/\/schema.org\",\"@graph\":[{\"@type\":\"WebPage\",\"@id\":\"https:\/\/anlix.io\/contato\/\",\"url\":\"https:\/\/anlix.io\/contato\/\",\"name\":\"Contato - Anlix\",\"isPartOf\":{\"@id\":\"https:\/\/anlix.io\/#website\"},\"datePublished\":\"2019-01-14T16:19:47+00:00\",\"dateModified\":\"2026-03-27T13:37:01+00:00\",\"breadcrumb\":{\"@id\":\"https:\/\/anlix.io\/contato\/#breadcrumb\"},\"inLanguage\":\"es\",\"potentialAction\":[{\"@type\":\"ReadAction\",\"target\":[\"https:\/\/anlix.io\/contato\/\"]}]},{\"@type\":\"BreadcrumbList\",\"@id\":\"https:\/\/anlix.io\/contato\/#breadcrumb\",\"itemListElement\":[{\"@type\":\"ListItem\",\"position\":1,\"name\":\"Home\",\"item\":\"https:\/\/anlix.io\/\"},{\"@type\":\"ListItem\",\"position\":2,\"name\":\"Contato\"}]},{\"@type\":\"WebSite\",\"@id\":\"https:\/\/anlix.io\/#website\",\"url\":\"https:\/\/anlix.io\/\",\"name\":\"Anlix\",\"description\":\"Ger\u00eancia, automa\u00e7\u00e3o, monitoramento e an\u00e1lise\",\"publisher\":{\"@id\":\"https:\/\/anlix.io\/#organization\"},\"potentialAction\":[{\"@type\":\"SearchAction\",\"target\":{\"@type\":\"EntryPoint\",\"urlTemplate\":\"https:\/\/anlix.io\/?s={search_term_string}\"},\"query-input\":\"required name=search_term_string\"}],\"inLanguage\":\"es\"},{\"@type\":\"Organization\",\"@id\":\"https:\/\/anlix.io\/#organization\",\"name\":\"Anlix\",\"url\":\"https:\/\/anlix.io\/\",\"logo\":{\"@type\":\"ImageObject\",\"inLanguage\":\"es\",\"@id\":\"https:\/\/anlix.io\/#\/schema\/logo\/image\/\",\"url\":\"https:\/\/anlix.io\/wp-content\/uploads\/2020\/05\/anlix-favicon.png\",\"contentUrl\":\"https:\/\/anlix.io\/wp-content\/uploads\/2020\/05\/anlix-favicon.png\",\"width\":497,\"height\":497,\"caption\":\"Anlix\"},\"image\":{\"@id\":\"https:\/\/anlix.io\/#\/schema\/logo\/image\/\"},\"sameAs\":[\"https:\/\/www.instagram.com\/anlix.io\/\",\"https:\/\/www.linkedin.com\/company\/anlix\/\",\"https:\/\/www.youtube.com\/channel\/UC9L5nmnn5oJmfDlSWY2ix6Q\",\"https:\/\/www.facebook.com\/anlix.io\/\"]}]}<\/script>\n<!-- \/ Yoast SEO plugin. -->","yoast_head_json":{"title":"Contacto - Anlix","robots":{"index":"index","follow":"follow","max-snippet":"max-snippet:-1","max-image-preview":"max-image-preview:large","max-video-preview":"max-video-preview:-1"},"canonical":"https:\/\/anlix.io\/es\/contato\/","og_locale":"es_ES","og_type":"article","og_title":"Contato - Anlix","og_url":"https:\/\/anlix.io\/es\/contato\/","og_site_name":"Anlix","article_publisher":"https:\/\/www.facebook.com\/anlix.io\/","article_modified_time":"2026-03-27T13:37:01+00:00","twitter_card":"summary_large_image","twitter_misc":{"Tiempo de lectura":"8 minutos"},"schema":{"@context":"https:\/\/schema.org","@graph":[{"@type":"WebPage","@id":"https:\/\/anlix.io\/contato\/","url":"https:\/\/anlix.io\/contato\/","name":"Contacto - Anlix","isPartOf":{"@id":"https:\/\/anlix.io\/#website"},"datePublished":"2019-01-14T16:19:47+00:00","dateModified":"2026-03-27T13:37:01+00:00","breadcrumb":{"@id":"https:\/\/anlix.io\/contato\/#breadcrumb"},"inLanguage":"es","potentialAction":[{"@type":"ReadAction","target":["https:\/\/anlix.io\/contato\/"]}]},{"@type":"BreadcrumbList","@id":"https:\/\/anlix.io\/contato\/#breadcrumb","itemListElement":[{"@type":"ListItem","position":1,"name":"Home","item":"https:\/\/anlix.io\/"},{"@type":"ListItem","position":2,"name":"Contato"}]},{"@type":"WebSite","@id":"https:\/\/anlix.io\/#website","url":"https:\/\/anlix.io\/","name":"Anlix","description":"Gesti\u00f3n, automatizaci\u00f3n, monitorizaci\u00f3n y an\u00e1lisis","publisher":{"@id":"https:\/\/anlix.io\/#organization"},"potentialAction":[{"@type":"SearchAction","target":{"@type":"EntryPoint","urlTemplate":"https:\/\/anlix.io\/?s={search_term_string}"},"query-input":"required name=search_term_string"}],"inLanguage":"es"},{"@type":"Organization","@id":"https:\/\/anlix.io\/#organization","name":"Anlix","url":"https:\/\/anlix.io\/","logo":{"@type":"ImageObject","inLanguage":"es","@id":"https:\/\/anlix.io\/#\/schema\/logo\/image\/","url":"https:\/\/anlix.io\/wp-content\/uploads\/2020\/05\/anlix-favicon.png","contentUrl":"https:\/\/anlix.io\/wp-content\/uploads\/2020\/05\/anlix-favicon.png","width":497,"height":497,"caption":"Anlix"},"image":{"@id":"https:\/\/anlix.io\/#\/schema\/logo\/image\/"},"sameAs":["https:\/\/www.instagram.com\/anlix.io\/","https:\/\/www.linkedin.com\/company\/anlix\/","https:\/\/www.youtube.com\/channel\/UC9L5nmnn5oJmfDlSWY2ix6Q","https:\/\/www.facebook.com\/anlix.io\/"]}]}},"_links":{"self":[{"href":"https:\/\/anlix.io\/es\/wp-json\/wp\/v2\/pages\/1186"}],"collection":[{"href":"https:\/\/anlix.io\/es\/wp-json\/wp\/v2\/pages"}],"about":[{"href":"https:\/\/anlix.io\/es\/wp-json\/wp\/v2\/types\/page"}],"author":[{"embeddable":true,"href":"https:\/\/anlix.io\/es\/wp-json\/wp\/v2\/users\/1"}],"replies":[{"embeddable":true,"href":"https:\/\/anlix.io\/es\/wp-json\/wp\/v2\/comments?post=1186"}],"version-history":[{"count":72,"href":"https:\/\/anlix.io\/es\/wp-json\/wp\/v2\/pages\/1186\/revisions"}],"predecessor-version":[{"id":4906,"href":"https:\/\/anlix.io\/es\/wp-json\/wp\/v2\/pages\/1186\/revisions\/4906"}],"wp:attachment":[{"href":"https:\/\/anlix.io\/es\/wp-json\/wp\/v2\/media?parent=1186"}],"curies":[{"name":"gracias","href":"https:\/\/api.w.org\/{rel}","templated":true}]}}