{"id":2735,"date":"2021-08-18T16:59:27","date_gmt":"2021-08-18T16:59:27","guid":{"rendered":"https:\/\/anlix.io\/?page_id=2735"},"modified":"2021-08-18T16:59:27","modified_gmt":"2021-08-18T16:59:27","slug":"obrigado-pos-cadastro","status":"publish","type":"page","link":"https:\/\/anlix.io\/es\/obrigado-pos-cadastro\/","title":{"rendered":"\u00a1Gracias!"},"content":{"rendered":"<div class=\"fusion-fullwidth fullwidth-box fusion-builder-row-1 hundred-percent-fullwidth non-hundred-percent-height-scrolling\" style=\"background-color: #ffffff;background-position: center center;background-repeat: no-repeat;padding-top:0px;padding-right:20px;padding-bottom:0px;padding-left:20px;margin-bottom: 0px;margin-top: 0px;border-width: 0px 0px 0px 0px;border-color:#eae9e9;border-style:solid;\" ><div class=\"fusion-builder-row fusion-row\"><div class=\"fusion-layout-column fusion_builder_column fusion-builder-column-0 fusion_builder_column_1_1 1_1 fusion-one-full fusion-column-first fusion-column-last\" style=\"margin-top:25px;margin-bottom:25px;\"><div class=\"fusion-column-wrapper fusion-flex-column-wrapper-legacy\" style=\"background-position:left top;background-repeat:no-repeat;-webkit-background-size:cover;-moz-background-size:cover;-o-background-size:cover;background-size:cover;padding: 0px 0px 0px 0px;\"><style type=\"text\/css\"><\/style><div class=\"fusion-title title fusion-title-1 fusion-sep-none fusion-title-center fusion-title-text fusion-title-size-one\" style=\"margin-top:20px;margin-right:0px;margin-bottom:20px;margin-left:0px;\"><h1 class=\"title-heading-center fusion-responsive-typography-calculated\" style=\"margin:0;--fontSize:60;line-height:1.25;\"><span style=\"color: #4caf08;\">\u00a1Gracias por registrarte!<\/span><\/h1><\/div><div class=\"fusion-sep-clear\"><\/div><div class=\"fusion-separator fusion-full-width-sep\" style=\"margin-left: auto;margin-right: auto;margin-top:20px;width:100%;\"><div class=\"fusion-separator-border sep-double\" style=\"border-color:#e0dede;border-top-width:1px;border-bottom-width:1px;\"><\/div><\/div><div class=\"fusion-sep-clear\"><\/div><style type=\"text\/css\"><\/style><div class=\"fusion-title title fusion-title-2 fusion-sep-none fusion-title-center fusion-title-text fusion-title-size-one\" style=\"margin-top:-20px;margin-right:0px;margin-bottom:20px;margin-left:0px;\"><h1 class=\"title-heading-center fusion-responsive-typography-calculated\" style=\"margin:0;--fontSize:60;line-height:1.25;\"><h4><span style=\"color: #474a51;\">Est\u00e9 atento a su correo electr\u00f3nico. Pronto recibir\u00e1s los primeros pasos para aprovechar nuestra plataforma.<\/span><\/h4><\/h1><\/div><div class=\"fusion-sep-clear\"><\/div><div class=\"fusion-separator fusion-full-width-sep\" style=\"margin-left: auto;margin-right: auto;margin-top:20px;width:100%;\"><div class=\"fusion-separator-border sep-double\" style=\"border-color:#e0dede;border-top-width:1px;border-bottom-width:1px;\"><\/div><\/div><div class=\"fusion-sep-clear\"><\/div><div class=\"fusion-clearfix\"><\/div><\/div><\/div><\/div><\/div>","protected":false},"excerpt":{"rendered":"","protected":false},"author":1,"featured_media":0,"parent":0,"menu_order":0,"comment_status":"closed","ping_status":"closed","template":"","meta":{"footnotes":""},"yoast_head":"<!-- This site is optimized with the Yoast SEO plugin v19.9 - https:\/\/yoast.com\/wordpress\/plugins\/seo\/ -->\n<title>Obrigado! - Anlix<\/title>\n<meta name=\"description\" content=\"Fique de olho no seu e-mail. Em breve, voc\u00ea receber\u00e1 os primeiros passos para aproveitar a nossa plataforma.\" \/>\n<meta name=\"robots\" content=\"index, follow, max-snippet:-1, max-image-preview:large, max-video-preview:-1\" \/>\n<link rel=\"canonical\" href=\"https:\/\/anlix.io\/es\/obrigado-pos-cadastro\/\" \/>\n<meta property=\"og:locale\" content=\"es_ES\" \/>\n<meta property=\"og:type\" content=\"article\" \/>\n<meta property=\"og:title\" content=\"Obrigado! - Anlix\" \/>\n<meta property=\"og:description\" content=\"Fique de olho no seu e-mail. Em breve, voc\u00ea receber\u00e1 os primeiros passos para aproveitar a nossa plataforma.\" \/>\n<meta property=\"og:url\" content=\"https:\/\/anlix.io\/es\/obrigado-pos-cadastro\/\" \/>\n<meta property=\"og:site_name\" content=\"Anlix\" \/>\n<meta property=\"article:publisher\" content=\"https:\/\/www.facebook.com\/anlix.io\/\" \/>\n<meta name=\"twitter:card\" content=\"summary_large_image\" \/>\n<meta name=\"twitter:label1\" content=\"Tiempo de lectura\" \/>\n\t<meta name=\"twitter:data1\" content=\"2 minutos\" \/>\n<script type=\"application\/ld+json\" class=\"yoast-schema-graph\">{\"@context\":\"https:\/\/schema.org\",\"@graph\":[{\"@type\":\"WebPage\",\"@id\":\"https:\/\/anlix.io\/obrigado-pos-cadastro\/\",\"url\":\"https:\/\/anlix.io\/obrigado-pos-cadastro\/\",\"name\":\"Obrigado! - Anlix\",\"isPartOf\":{\"@id\":\"https:\/\/anlix.io\/#website\"},\"datePublished\":\"2021-08-18T16:59:27+00:00\",\"dateModified\":\"2021-08-18T16:59:27+00:00\",\"description\":\"Fique de olho no seu e-mail. Em breve, voc\u00ea receber\u00e1 os primeiros passos para aproveitar a nossa plataforma.\",\"breadcrumb\":{\"@id\":\"https:\/\/anlix.io\/obrigado-pos-cadastro\/#breadcrumb\"},\"inLanguage\":\"es\",\"potentialAction\":[{\"@type\":\"ReadAction\",\"target\":[\"https:\/\/anlix.io\/obrigado-pos-cadastro\/\"]}]},{\"@type\":\"BreadcrumbList\",\"@id\":\"https:\/\/anlix.io\/obrigado-pos-cadastro\/#breadcrumb\",\"itemListElement\":[{\"@type\":\"ListItem\",\"position\":1,\"name\":\"Home\",\"item\":\"https:\/\/anlix.io\/\"},{\"@type\":\"ListItem\",\"position\":2,\"name\":\"Obrigado!\"}]},{\"@type\":\"WebSite\",\"@id\":\"https:\/\/anlix.io\/#website\",\"url\":\"https:\/\/anlix.io\/\",\"name\":\"Anlix\",\"description\":\"Ger\u00eancia, automa\u00e7\u00e3o, monitoramento e an\u00e1lise\",\"publisher\":{\"@id\":\"https:\/\/anlix.io\/#organization\"},\"potentialAction\":[{\"@type\":\"SearchAction\",\"target\":{\"@type\":\"EntryPoint\",\"urlTemplate\":\"https:\/\/anlix.io\/?s={search_term_string}\"},\"query-input\":\"required name=search_term_string\"}],\"inLanguage\":\"es\"},{\"@type\":\"Organization\",\"@id\":\"https:\/\/anlix.io\/#organization\",\"name\":\"Anlix\",\"url\":\"https:\/\/anlix.io\/\",\"logo\":{\"@type\":\"ImageObject\",\"inLanguage\":\"es\",\"@id\":\"https:\/\/anlix.io\/#\/schema\/logo\/image\/\",\"url\":\"https:\/\/anlix.io\/wp-content\/uploads\/2020\/05\/anlix-favicon.png\",\"contentUrl\":\"https:\/\/anlix.io\/wp-content\/uploads\/2020\/05\/anlix-favicon.png\",\"width\":497,\"height\":497,\"caption\":\"Anlix\"},\"image\":{\"@id\":\"https:\/\/anlix.io\/#\/schema\/logo\/image\/\"},\"sameAs\":[\"https:\/\/www.instagram.com\/anlix.io\/\",\"https:\/\/www.linkedin.com\/company\/anlix\/\",\"https:\/\/www.youtube.com\/channel\/UC9L5nmnn5oJmfDlSWY2ix6Q\",\"https:\/\/www.facebook.com\/anlix.io\/\"]}]}<\/script>\n<!-- \/ Yoast SEO plugin. -->","yoast_head_json":{"title":"\u00a1Gracias! - Anlix","description":"Est\u00e9 atento a su correo electr\u00f3nico. Pronto recibir\u00e1s los primeros pasos para aprovechar nuestra plataforma.","robots":{"index":"index","follow":"follow","max-snippet":"max-snippet:-1","max-image-preview":"max-image-preview:large","max-video-preview":"max-video-preview:-1"},"canonical":"https:\/\/anlix.io\/es\/obrigado-pos-cadastro\/","og_locale":"es_ES","og_type":"article","og_title":"Obrigado! - Anlix","og_description":"Fique de olho no seu e-mail. Em breve, voc\u00ea receber\u00e1 os primeiros passos para aproveitar a nossa plataforma.","og_url":"https:\/\/anlix.io\/es\/obrigado-pos-cadastro\/","og_site_name":"Anlix","article_publisher":"https:\/\/www.facebook.com\/anlix.io\/","twitter_card":"summary_large_image","twitter_misc":{"Tiempo de lectura":"2 minutos"},"schema":{"@context":"https:\/\/schema.org","@graph":[{"@type":"WebPage","@id":"https:\/\/anlix.io\/obrigado-pos-cadastro\/","url":"https:\/\/anlix.io\/obrigado-pos-cadastro\/","name":"\u00a1Gracias! - Anlix","isPartOf":{"@id":"https:\/\/anlix.io\/#website"},"datePublished":"2021-08-18T16:59:27+00:00","dateModified":"2021-08-18T16:59:27+00:00","description":"Est\u00e9 atento a su correo electr\u00f3nico. Pronto recibir\u00e1s los primeros pasos para aprovechar nuestra plataforma.","breadcrumb":{"@id":"https:\/\/anlix.io\/obrigado-pos-cadastro\/#breadcrumb"},"inLanguage":"es","potentialAction":[{"@type":"ReadAction","target":["https:\/\/anlix.io\/obrigado-pos-cadastro\/"]}]},{"@type":"BreadcrumbList","@id":"https:\/\/anlix.io\/obrigado-pos-cadastro\/#breadcrumb","itemListElement":[{"@type":"ListItem","position":1,"name":"Home","item":"https:\/\/anlix.io\/"},{"@type":"ListItem","position":2,"name":"Obrigado!"}]},{"@type":"WebSite","@id":"https:\/\/anlix.io\/#website","url":"https:\/\/anlix.io\/","name":"Anlix","description":"Gesti\u00f3n, automatizaci\u00f3n, monitorizaci\u00f3n y an\u00e1lisis","publisher":{"@id":"https:\/\/anlix.io\/#organization"},"potentialAction":[{"@type":"SearchAction","target":{"@type":"EntryPoint","urlTemplate":"https:\/\/anlix.io\/?s={search_term_string}"},"query-input":"required name=search_term_string"}],"inLanguage":"es"},{"@type":"Organization","@id":"https:\/\/anlix.io\/#organization","name":"Anlix","url":"https:\/\/anlix.io\/","logo":{"@type":"ImageObject","inLanguage":"es","@id":"https:\/\/anlix.io\/#\/schema\/logo\/image\/","url":"https:\/\/anlix.io\/wp-content\/uploads\/2020\/05\/anlix-favicon.png","contentUrl":"https:\/\/anlix.io\/wp-content\/uploads\/2020\/05\/anlix-favicon.png","width":497,"height":497,"caption":"Anlix"},"image":{"@id":"https:\/\/anlix.io\/#\/schema\/logo\/image\/"},"sameAs":["https:\/\/www.instagram.com\/anlix.io\/","https:\/\/www.linkedin.com\/company\/anlix\/","https:\/\/www.youtube.com\/channel\/UC9L5nmnn5oJmfDlSWY2ix6Q","https:\/\/www.facebook.com\/anlix.io\/"]}]}},"_links":{"self":[{"href":"https:\/\/anlix.io\/es\/wp-json\/wp\/v2\/pages\/2735"}],"collection":[{"href":"https:\/\/anlix.io\/es\/wp-json\/wp\/v2\/pages"}],"about":[{"href":"https:\/\/anlix.io\/es\/wp-json\/wp\/v2\/types\/page"}],"author":[{"embeddable":true,"href":"https:\/\/anlix.io\/es\/wp-json\/wp\/v2\/users\/1"}],"replies":[{"embeddable":true,"href":"https:\/\/anlix.io\/es\/wp-json\/wp\/v2\/comments?post=2735"}],"version-history":[{"count":3,"href":"https:\/\/anlix.io\/es\/wp-json\/wp\/v2\/pages\/2735\/revisions"}],"predecessor-version":[{"id":2738,"href":"https:\/\/anlix.io\/es\/wp-json\/wp\/v2\/pages\/2735\/revisions\/2738"}],"wp:attachment":[{"href":"https:\/\/anlix.io\/es\/wp-json\/wp\/v2\/media?parent=2735"}],"curies":[{"name":"gracias","href":"https:\/\/api.w.org\/{rel}","templated":true}]}}